{"id":16,"date":"2025-02-04T06:59:20","date_gmt":"2025-02-04T03:59:20","guid":{"rendered":"http:\/\/mekosu.com.tr\/?page_id=16"},"modified":"2025-02-20T01:54:40","modified_gmt":"2025-02-19T22:54:40","slug":"mekosu-salmon-trout","status":"publish","type":"page","link":"http:\/\/mekosu.com.tr\/index.php\/mekosu-salmon-trout\/","title":{"rendered":"About Us"},"content":{"rendered":"\n<h2 class=\"wp-block-heading has-medium-font-size\" id=\"inspiro-is-a-digital-product-agency-that-focuses-on-strategy-and-design\" style=\"font-style:normal;font-weight:100\">Our company was established in 2022 in Trabzon which is on the north east coast of Turkiye. We are subsidiary company of Kobyalar Group which is one of the biggest fisheries companies in T\u00fcrkiye. The Group is active in fishing, salmon trout (rainbow trout) farming and producing of fish oil and fish meal since 1994.<\/h2>\n\n\n\n<p class=\"has-medium-font-size\">We have our farms in clean water of Black Sea and feed our salmon trout with our own produced feed. We have an integrated system which is controlled from raw material to the end product.<\/p>\n\n\n\n<div style=\"height:75px\" aria-hidden=\"true\" class=\"wp-block-spacer\"><\/div>\n\n\n\n<div class=\"wp-block-cover alignfull\" style=\"padding-top:50px;padding-right:50px;padding-bottom:50px;padding-left:50px;min-height:316px;aspect-ratio:unset;\"><span aria-hidden=\"true\" class=\"wp-block-cover__background has-background-dim-100 has-background-dim\" style=\"background-color:#3c3c3c\"><\/span><div class=\"wp-block-cover__inner-container is-layout-flow wp-block-cover-is-layout-flow\">\n<div style=\"height:64px\" aria-hidden=\"true\" class=\"wp-block-spacer\"><\/div>\n\n\n\n<p class=\"has-text-align-center has-text-color has-link-color has-large-font-size wp-elements-d63104d503ff623a3665aa2e4c99c529\" style=\"color:#f05222\"><strong>Meko is a subsidiary company of Kobyalar Group.<\/strong><\/p>\n\n\n\n<div style=\"height:70px\" aria-hidden=\"true\" class=\"wp-block-spacer\"><\/div>\n\n\n\n<p class=\"has-medium-font-size\"><strong>Management<\/strong><\/p>\n\n\n\n<p><\/p>\n\n\n\n<figure class=\"wp-block-table\"><table class=\"has-fixed-layout\"><tbody><tr><td><strong>Company Name<\/strong><\/td><td><strong>Location<\/strong><\/td><td><strong>Activity<\/strong><\/td><\/tr><tr><td>Koptur Bal\u0131k\u00e7\u0131l\u0131k<\/td><td>Trabzon<\/td><td>Fish oil &amp; Fish meal Producer<\/td><\/tr><tr><td>Dalyan Su \u00dcr\u00fcnleri<\/td><td>Sinop<\/td><td>Fish oil &amp; Fish meal Producer<\/td><\/tr><tr><td>Blacksea Aqua Feed<\/td><td>Samsun<\/td><td>Aqua feed producer<\/td><\/tr><tr><td>Akerko Seafood<\/td><td>Trabzon<\/td><td>Salmon trout farming in Sea &amp; processing<\/td><\/tr><tr><td>TK Fish<\/td><td>Elaz\u0131\u011f<\/td><td>Salmon trout farming in Dam lake &amp; processing<\/td><\/tr><\/tbody><\/table><\/figure>\n\n\n\n<div style=\"height:70px\" aria-hidden=\"true\" class=\"wp-block-spacer\"><\/div>\n\n\n\n<p><\/p>\n<\/div><\/div>\n\n\n\n<style>\n\t#hotspot-435 .hotspots-image-container,\n\t#hotspot-435 .leaflet-container {\n\t\tbackground: #efefef\t}\n\n\t#hotspot-435 .hotspots-placeholder {\n\t\tbackground: #2E2D29;\n\t\tborder: 0 #2E2D29 solid;\n\t\tcolor: #DFEBE5;\n\t}\n\n\t#hotspot-435 .hotspot-title {\n\t\tcolor: #93C7A4;\n\t}\n\n\t\t\t#hotspot-435 .hotspot-default {\n\t\t\tstroke-width: 2;\n\t\t\tfill: #ffffff;\n\t\t\tfill-opacity: 0;\n\t\t\tstroke: #ffffff;\n\t\t\tstroke-opacity: 0;\n\t\t}\n\t\t#hotspot-435 .hotspot-default:hover,\n\t\t#hotspot-435 .hotspot-default:focus-visible,\n\t\t#hotspot-435 .hotspot-default.hotspot-active {\n\t\t\tfill: #3CA2A2;\n\t\t\tfill-opacity: 0.71;\n\t\t\tstroke: #235B6E;\n\t\t\tstroke-opacity: 1.01;\n\t\t}\n\t\t#hotspot-435 .leaflet-tooltip,\n\t#hotspot-435 .leaflet-rrose-content-wrapper {\n\t\tbackground: #2E2D29;\n\t\tborder-color: #2E2D29;\n\t\tcolor: #DFEBE5;\n\t}\n\n\t#hotspot-435 a.leaflet-rrose-close-button {\n\t\tcolor: #93C7A4;\n\t}\n\n\t#hotspot-435 .leaflet-rrose-tip {\n\t\tbackground: #2E2D29;\n\t}\n\n\t#hotspot-435 .leaflet-popup-scrolled {\n\t\tborder-bottom-color: #DFEBE5;\n\t\tborder-top-color: #DFEBE5;\n\t}\n\n\t#hotspot-435 .leaflet-tooltip-top:before {\n\t\tborder-top-color: #2E2D29;\n\t}\n\n\t#hotspot-435 .leaflet-tooltip-bottom:before {\n\t\tborder-bottom-color: #2E2D29;\n\t}\n\t#hotspot-435 .leaflet-tooltip-left:before {\n\t\tborder-left-color: #2E2D29;\n\t}\n\t#hotspot-435 .leaflet-tooltip-right:before {\n\t\tborder-right-color: #2E2D29;\n\t}\n<\/style>\n\n\t\n\t<div class=\"hotspots-container links-only layout-left event-click\" id=\"hotspot-435\" data-layout=\"left\" data-trigger=\"click\">\n\t\t<div class=\"hotspots-interaction\">\n\t\t\t<div class=\"hotspots-image-container\">\n\t<img\n\t\twidth=\"1153\"\n\t\theight=\"580\"\n\t\tsrc=\"http:\/\/mekosu.com.tr\/wp-content\/uploads\/2025\/02\/MEKO-surec.jpg\"\n\t\talt=\"sirketler\"\n\t\tclass=\"hotspots-image skip-lazy\"\n\t\tusemap=\"#hotspots-image-435\"\n\t\tdata-image-title=\"sirketler\"\n\t\tdata-image-description=\"\"\n\t\tdata-event-trigger=\"click\"\n\t\tdata-always-visible=\"false\"\n\t\tdata-id=\"435\"\n\t\tdata-no-lazy=\"1\"\n\t\tdata-lazy-src=\"\"\n\t\tdata-lazy=\"false\"\n\t\tloading=\"eager\"\n\t\tdata-skip-lazy=\"1\"\n\t\t>\n<\/div>\t\t<\/div>\n\t\t<map name=\"hotspots-image-435\" class=\"hotspots-map\">\n\t\t\t\t\t\t\t\t\t\t\t<area\n\t\t\t\t\tshape=\"polygon\"\n\t\t\t\t\tcoords=\"295,206,295,167,409,167,409,206\"\n\t\t\t\t\thref=\"https:\/\/www.kobyalar.com.tr\/\"\n\t\t\t\t\trel=\"\"\n\t\t\t\t\ttitle=\"Kobyalar Group\"\n\t\t\t\t\talt=\"Kobyalar Group\"\n\t\t\t\t\tdata-action=\"url\"\n\t\t\t\t\tdata-color-scheme=\"\"\n\t\t\t\t\ttarget=\"_new\"\n\t\t\t\t\tclass=\"url-area\"\n\t\t\t\t\t>\n\t\t\t\t\t\t\t\t\t\t\t<area\n\t\t\t\t\tshape=\"polygon\"\n\t\t\t\t\tcoords=\"28,210,28,169,159,169,159,210\"\n\t\t\t\t\thref=\"https:\/\/www.kobyalar.com.tr\/\"\n\t\t\t\t\trel=\"\"\n\t\t\t\t\ttitle=\"Kobyalar Group\"\n\t\t\t\t\talt=\"Kobyalar Group\"\n\t\t\t\t\tdata-action=\"url\"\n\t\t\t\t\tdata-color-scheme=\"\"\n\t\t\t\t\ttarget=\"_new\"\n\t\t\t\t\tclass=\"url-area\"\n\t\t\t\t\t>\n\t\t\t\t\t\t\t\t\t\t\t<area\n\t\t\t\t\tshape=\"polygon\"\n\t\t\t\t\tcoords=\"1012,346,1012,284,1086,284,1086,346\"\n\t\t\t\t\thref=\"https:\/\/akerko.com.tr\/\"\n\t\t\t\t\trel=\"\"\n\t\t\t\t\ttitle=\"Akerko Seafood\"\n\t\t\t\t\talt=\"Akerko Seafood\"\n\t\t\t\t\tdata-action=\"url\"\n\t\t\t\t\tdata-color-scheme=\"\"\n\t\t\t\t\ttarget=\"_new\"\n\t\t\t\t\tclass=\"url-area\"\n\t\t\t\t\t>\n\t\t\t\t\t\t\t\t\t\t\t<area\n\t\t\t\t\tshape=\"polygon\"\n\t\t\t\t\tcoords=\"403,326,403,278,543,278,543,326\"\n\t\t\t\t\thref=\"http:\/\/mekosu.com.tr\/blacksea\/\"\n\t\t\t\t\trel=\"\"\n\t\t\t\t\ttitle=\"Black Sea Aqua Feed Group\"\n\t\t\t\t\talt=\"Black Sea Aqua Feed Group\"\n\t\t\t\t\tdata-action=\"url\"\n\t\t\t\t\tdata-color-scheme=\"\"\n\t\t\t\t\ttarget=\"_new\"\n\t\t\t\t\tclass=\"url-area\"\n\t\t\t\t\t>\n\t\t\t\t\t\t\t\t\t\t\t<area\n\t\t\t\t\tshape=\"polygon\"\n\t\t\t\t\tcoords=\"923,347,923,286,999,286,999,347\"\n\t\t\t\t\thref=\"https:\/\/www.tkfish.com\/\"\n\t\t\t\t\trel=\"\"\n\t\t\t\t\ttitle=\"TK Fish\"\n\t\t\t\t\talt=\"TK Fish\"\n\t\t\t\t\tdata-action=\"url\"\n\t\t\t\t\tdata-color-scheme=\"\"\n\t\t\t\t\ttarget=\"_new\"\n\t\t\t\t\tclass=\"url-area\"\n\t\t\t\t\t>\n\t\t\t\t\t<\/map>\n\n\t\t\n\t\t\t\t\t\t\t\t\t\t\t\t\t\t\t\t\t\t<\/div>\n\n\n\n\n\n<div style=\"height:100px\" aria-hidden=\"true\" class=\"wp-block-spacer\"><\/div>\n\n\n\n<div class=\"wp-block-columns is-layout-flex wp-container-core-columns-is-layout-28f84493 wp-block-columns-is-layout-flex\">\n<div class=\"wp-block-column is-layout-flow wp-block-column-is-layout-flow\">\n<blockquote class=\"wp-block-quote is-style-default is-layout-flow wp-block-quote-is-layout-flow\" style=\"border-width:1px\">\n<p class=\"has-lightgrey-color has-text-color has-link-color wp-elements-e0f1b37875e79882ac3bd097c70bdb8e\"><strong>General Manager<br><\/strong>Onur Kobya<\/p>\n<\/blockquote>\n\n\n\n<div style=\"height:10px\" aria-hidden=\"true\" class=\"wp-block-spacer\"><\/div>\n\n\n\n<blockquote class=\"wp-block-quote is-layout-flow wp-block-quote-is-layout-flow\" style=\"border-width:1px\">\n<p class=\"has-lightgrey-color has-text-color has-link-color wp-elements-cbdde4cfcf067cbd6d0d8072f5d39cde\"><strong>Director<\/strong><br>Sel\u00e7uk Ba\u015faran<\/p>\n<\/blockquote>\n<\/div>\n\n\n\n<div class=\"wp-block-column is-layout-flow wp-block-column-is-layout-flow\">\n<blockquote class=\"wp-block-quote is-layout-flow wp-block-quote-is-layout-flow\" style=\"border-width:1px\">\n<p class=\"has-lightgrey-color has-text-color has-link-color wp-elements-04261744ce2f8f101a6b07c8763e91f5\"><strong>Marketing<\/strong><br>Duygu Bostan Kobya<\/p>\n<\/blockquote>\n\n\n\n<div style=\"height:10px\" aria-hidden=\"true\" class=\"wp-block-spacer\"><\/div>\n\n\n\n<blockquote class=\"wp-block-quote is-layout-flow wp-block-quote-is-layout-flow\" style=\"border-width:1px\">\n<p class=\"has-lightgrey-color has-text-color has-link-color wp-elements-b03e131010c9366893ec34ee269f4d2d\"><strong>Finance<\/strong><br>Cemre Kobya Saki<\/p>\n<\/blockquote>\n\n\n\n<div style=\"height:10px\" aria-hidden=\"true\" class=\"wp-block-spacer\"><\/div>\n\n\n\n<blockquote class=\"wp-block-quote is-layout-flow wp-block-quote-is-layout-flow\" style=\"border-width:1px\">\n<p class=\"has-lightgrey-color has-text-color has-link-color wp-elements-43f99cf5d8859ac6dc467b0fcf42f68d\"><strong>Accounting<\/strong><br>Hasan Terzi<\/p>\n<\/blockquote>\n<\/div>\n<\/div>\n\n\n\n<figure class=\"wp-block-video\"><video height=\"1080\" style=\"aspect-ratio: 1920 \/ 1080;\" width=\"1920\" autoplay controls loop muted src=\"http:\/\/mekosu.com.tr\/wp-content\/uploads\/2025\/02\/Meko_kisa.mp4\" playsinline><\/video><\/figure>\n\n\n\n<div style=\"height:100px\" aria-hidden=\"true\" class=\"wp-block-spacer\"><\/div>\n\n\n\n<div class=\"wp-block-cover alignfull\" style=\"padding-top:50px;padding-right:50px;padding-bottom:50px;padding-left:50px;min-height:316px;aspect-ratio:unset;\"><span aria-hidden=\"true\" class=\"wp-block-cover__background has-black-background-color has-background-dim-100 has-background-dim\"><\/span><div class=\"wp-block-cover__inner-container is-layout-flow wp-block-cover-is-layout-flow\">\n<p class=\"has-text-align-center has-large-font-size\"><\/p>\n<\/div><\/div>\n","protected":false},"excerpt":{"rendered":"<p>Our company was established in 2022 in Trabzon which is on the north east coast of Turkiye. We are subsidiary company of Kobyalar Group which is one of the biggest fisheries companies in T\u00fcrkiye. The Group is active in fishing, salmon trout (rainbow trout) farming and producing of fish oil and fish meal since 1994. &hellip; <\/p>\n<p class=\"link-more\"><a href=\"http:\/\/mekosu.com.tr\/index.php\/mekosu-salmon-trout\/\" class=\"more-link\">Read more<span class=\"screen-reader-text\"> &#8220;About Us&#8221;<\/span><\/a><\/p>\n","protected":false},"author":1,"featured_media":0,"parent":0,"menu_order":0,"comment_status":"closed","ping_status":"closed","template":"","meta":{"footnotes":""},"class_list":["post-16","page","type-page","status-publish","hentry"],"yoast_head":"<!-- This site is optimized with the Yoast SEO plugin v24.5 - https:\/\/yoast.com\/wordpress\/plugins\/seo\/ -->\n<title>MEKOSU - Salmon trout<\/title>\n<meta name=\"description\" content=\"Our company was established in 2022 in Trabzon which is on the north east coast of T\u00fcrkiye. We are subsidiary company of Kobyalar Group which is one of the biggest fisheries companies in T\u00fcrkiye. The Group is active in fishing, salmon trout (rainbow trout) farming and producing of fish oil and fish meal since 1994.\" \/>\n<meta name=\"robots\" content=\"index, follow, max-snippet:-1, max-image-preview:large, max-video-preview:-1\" \/>\n<link rel=\"canonical\" href=\"http:\/\/mekosu.com.tr\/index.php\/mekosu-salmon-trout\/\" \/>\n<meta property=\"og:locale\" content=\"en_US\" \/>\n<meta property=\"og:type\" content=\"article\" \/>\n<meta property=\"og:title\" content=\"MEKOSU - Salmon trout\" \/>\n<meta property=\"og:description\" content=\"Our company was established in 2022 in Trabzon which is on the north east coast of T\u00fcrkiye. We are subsidiary company of Kobyalar Group which is one of the biggest fisheries companies in T\u00fcrkiye. The Group is active in fishing, salmon trout (rainbow trout) farming and producing of fish oil and fish meal since 1994.\" \/>\n<meta property=\"og:url\" content=\"http:\/\/mekosu.com.tr\/index.php\/mekosu-salmon-trout\/\" \/>\n<meta property=\"og:site_name\" content=\"MEKOSU\" \/>\n<meta property=\"article:modified_time\" content=\"2025-02-19T22:54:40+00:00\" \/>\n<meta name=\"twitter:card\" content=\"summary_large_image\" \/>\n<meta name=\"twitter:label1\" content=\"Est. reading time\" \/>\n\t<meta name=\"twitter:data1\" content=\"1 minute\" \/>\n<script type=\"application\/ld+json\" class=\"yoast-schema-graph\">{\"@context\":\"https:\/\/schema.org\",\"@graph\":[{\"@type\":\"WebPage\",\"@id\":\"http:\/\/mekosu.com.tr\/index.php\/mekosu-salmon-trout\/\",\"url\":\"http:\/\/mekosu.com.tr\/index.php\/mekosu-salmon-trout\/\",\"name\":\"MEKOSU - Salmon trout\",\"isPartOf\":{\"@id\":\"http:\/\/mekosu.com.tr\/#website\"},\"datePublished\":\"2025-02-04T03:59:20+00:00\",\"dateModified\":\"2025-02-19T22:54:40+00:00\",\"description\":\"Our company was established in 2022 in Trabzon which is on the north east coast of T\u00fcrkiye. We are subsidiary company of Kobyalar Group which is one of the biggest fisheries companies in T\u00fcrkiye. The Group is active in fishing, salmon trout (rainbow trout) farming and producing of fish oil and fish meal since 1994.\",\"breadcrumb\":{\"@id\":\"http:\/\/mekosu.com.tr\/index.php\/mekosu-salmon-trout\/#breadcrumb\"},\"inLanguage\":\"en-US\",\"potentialAction\":[{\"@type\":\"ReadAction\",\"target\":[\"http:\/\/mekosu.com.tr\/index.php\/mekosu-salmon-trout\/\"]}]},{\"@type\":\"BreadcrumbList\",\"@id\":\"http:\/\/mekosu.com.tr\/index.php\/mekosu-salmon-trout\/#breadcrumb\",\"itemListElement\":[{\"@type\":\"ListItem\",\"position\":1,\"name\":\"Home\",\"item\":\"https:\/\/mekosu.com.tr\/\"},{\"@type\":\"ListItem\",\"position\":2,\"name\":\"About Us\"}]},{\"@type\":\"WebSite\",\"@id\":\"http:\/\/mekosu.com.tr\/#website\",\"url\":\"http:\/\/mekosu.com.tr\/\",\"name\":\"MEKOSU\",\"description\":\"Comp.\",\"publisher\":{\"@id\":\"http:\/\/mekosu.com.tr\/#organization\"},\"potentialAction\":[{\"@type\":\"SearchAction\",\"target\":{\"@type\":\"EntryPoint\",\"urlTemplate\":\"http:\/\/mekosu.com.tr\/?s={search_term_string}\"},\"query-input\":{\"@type\":\"PropertyValueSpecification\",\"valueRequired\":true,\"valueName\":\"search_term_string\"}}],\"inLanguage\":\"en-US\"},{\"@type\":\"Organization\",\"@id\":\"http:\/\/mekosu.com.tr\/#organization\",\"name\":\"MEKOSU\",\"url\":\"http:\/\/mekosu.com.tr\/\",\"logo\":{\"@type\":\"ImageObject\",\"inLanguage\":\"en-US\",\"@id\":\"http:\/\/mekosu.com.tr\/#\/schema\/logo\/image\/\",\"url\":\"http:\/\/mekosu.com.tr\/wp-content\/uploads\/2025\/02\/cropped-MEKO.png\",\"contentUrl\":\"http:\/\/mekosu.com.tr\/wp-content\/uploads\/2025\/02\/cropped-MEKO.png\",\"width\":3326,\"height\":802,\"caption\":\"MEKOSU\"},\"image\":{\"@id\":\"http:\/\/mekosu.com.tr\/#\/schema\/logo\/image\/\"}}]}<\/script>\n<!-- \/ Yoast SEO plugin. -->","yoast_head_json":{"title":"MEKOSU - Salmon trout","description":"Our company was established in 2022 in Trabzon which is on the north east coast of T\u00fcrkiye. We are subsidiary company of Kobyalar Group which is one of the biggest fisheries companies in T\u00fcrkiye. The Group is active in fishing, salmon trout (rainbow trout) farming and producing of fish oil and fish meal since 1994.","robots":{"index":"index","follow":"follow","max-snippet":"max-snippet:-1","max-image-preview":"max-image-preview:large","max-video-preview":"max-video-preview:-1"},"canonical":"http:\/\/mekosu.com.tr\/index.php\/mekosu-salmon-trout\/","og_locale":"en_US","og_type":"article","og_title":"MEKOSU - Salmon trout","og_description":"Our company was established in 2022 in Trabzon which is on the north east coast of T\u00fcrkiye. We are subsidiary company of Kobyalar Group which is one of the biggest fisheries companies in T\u00fcrkiye. The Group is active in fishing, salmon trout (rainbow trout) farming and producing of fish oil and fish meal since 1994.","og_url":"http:\/\/mekosu.com.tr\/index.php\/mekosu-salmon-trout\/","og_site_name":"MEKOSU","article_modified_time":"2025-02-19T22:54:40+00:00","twitter_card":"summary_large_image","twitter_misc":{"Est. reading time":"1 minute"},"schema":{"@context":"https:\/\/schema.org","@graph":[{"@type":"WebPage","@id":"http:\/\/mekosu.com.tr\/index.php\/mekosu-salmon-trout\/","url":"http:\/\/mekosu.com.tr\/index.php\/mekosu-salmon-trout\/","name":"MEKOSU - Salmon trout","isPartOf":{"@id":"http:\/\/mekosu.com.tr\/#website"},"datePublished":"2025-02-04T03:59:20+00:00","dateModified":"2025-02-19T22:54:40+00:00","description":"Our company was established in 2022 in Trabzon which is on the north east coast of T\u00fcrkiye. We are subsidiary company of Kobyalar Group which is one of the biggest fisheries companies in T\u00fcrkiye. The Group is active in fishing, salmon trout (rainbow trout) farming and producing of fish oil and fish meal since 1994.","breadcrumb":{"@id":"http:\/\/mekosu.com.tr\/index.php\/mekosu-salmon-trout\/#breadcrumb"},"inLanguage":"en-US","potentialAction":[{"@type":"ReadAction","target":["http:\/\/mekosu.com.tr\/index.php\/mekosu-salmon-trout\/"]}]},{"@type":"BreadcrumbList","@id":"http:\/\/mekosu.com.tr\/index.php\/mekosu-salmon-trout\/#breadcrumb","itemListElement":[{"@type":"ListItem","position":1,"name":"Home","item":"https:\/\/mekosu.com.tr\/"},{"@type":"ListItem","position":2,"name":"About Us"}]},{"@type":"WebSite","@id":"http:\/\/mekosu.com.tr\/#website","url":"http:\/\/mekosu.com.tr\/","name":"MEKOSU","description":"Comp.","publisher":{"@id":"http:\/\/mekosu.com.tr\/#organization"},"potentialAction":[{"@type":"SearchAction","target":{"@type":"EntryPoint","urlTemplate":"http:\/\/mekosu.com.tr\/?s={search_term_string}"},"query-input":{"@type":"PropertyValueSpecification","valueRequired":true,"valueName":"search_term_string"}}],"inLanguage":"en-US"},{"@type":"Organization","@id":"http:\/\/mekosu.com.tr\/#organization","name":"MEKOSU","url":"http:\/\/mekosu.com.tr\/","logo":{"@type":"ImageObject","inLanguage":"en-US","@id":"http:\/\/mekosu.com.tr\/#\/schema\/logo\/image\/","url":"http:\/\/mekosu.com.tr\/wp-content\/uploads\/2025\/02\/cropped-MEKO.png","contentUrl":"http:\/\/mekosu.com.tr\/wp-content\/uploads\/2025\/02\/cropped-MEKO.png","width":3326,"height":802,"caption":"MEKOSU"},"image":{"@id":"http:\/\/mekosu.com.tr\/#\/schema\/logo\/image\/"}}]}},"_links":{"self":[{"href":"http:\/\/mekosu.com.tr\/index.php\/wp-json\/wp\/v2\/pages\/16","targetHints":{"allow":["GET"]}}],"collection":[{"href":"http:\/\/mekosu.com.tr\/index.php\/wp-json\/wp\/v2\/pages"}],"about":[{"href":"http:\/\/mekosu.com.tr\/index.php\/wp-json\/wp\/v2\/types\/page"}],"author":[{"embeddable":true,"href":"http:\/\/mekosu.com.tr\/index.php\/wp-json\/wp\/v2\/users\/1"}],"replies":[{"embeddable":true,"href":"http:\/\/mekosu.com.tr\/index.php\/wp-json\/wp\/v2\/comments?post=16"}],"version-history":[{"count":31,"href":"http:\/\/mekosu.com.tr\/index.php\/wp-json\/wp\/v2\/pages\/16\/revisions"}],"predecessor-version":[{"id":493,"href":"http:\/\/mekosu.com.tr\/index.php\/wp-json\/wp\/v2\/pages\/16\/revisions\/493"}],"wp:attachment":[{"href":"http:\/\/mekosu.com.tr\/index.php\/wp-json\/wp\/v2\/media?parent=16"}],"curies":[{"name":"wp","href":"https:\/\/api.w.org\/{rel}","templated":true}]}}