{"id":17,"date":"2025-02-04T06:59:20","date_gmt":"2025-02-04T03:59:20","guid":{"rendered":"http:\/\/mekosu.com.tr\/?page_id=17"},"modified":"2025-02-18T07:16:14","modified_gmt":"2025-02-18T04:16:14","slug":"address-2","status":"publish","type":"page","link":"https:\/\/mekosu.com.tr\/index.php\/address-2\/","title":{"rendered":"Contact Us"},"content":{"rendered":"\n<div class=\"wp-block-columns is-layout-flex wp-container-core-columns-is-layout-28f84493 wp-block-columns-is-layout-flex\">\n<div class=\"wp-block-column is-layout-flow wp-block-column-is-layout-flow\" style=\"flex-basis:66.66%\">\n<iframe src=\"https:\/\/www.google.com\/maps\/embed?pb=!1m18!1m12!1m3!1d4085.6289139219657!2d39.381813520381435!3d41.07396717671421!2m3!1f0!2f0!3f0!3m2!1i1024!2i768!4f13.1!3m3!1m2!1s0x40640d0e6f10467b%3A0x7a15253025f8eabc!2sKoptur%20Balikcilik%20Gida%20San.%20Nak.%20ve%20Tic.%20Ltd.%20Sti.!5e1!3m2!1str!2str!4v1738893171534!5m2!1str!2str\" width=\"600\" height=\"450\" style=\"border:0;\" allowfullscreen=\"\" loading=\"lazy\" referrerpolicy=\"no-referrer-when-downgrade\"><\/iframe>\n<\/div>\n\n\n\n<div class=\"wp-block-column is-layout-flow wp-block-column-is-layout-flow\" style=\"flex-basis:33.33%\">\n<h3 class=\"wp-block-heading has-text-align-center has-large-font-size\"><strong>Email<\/strong><\/h3>\n\n\n\n<p class=\"has-text-align-center\">info@mekosu.com.tr<\/p>\n\n\n\n<hr class=\"wp-block-separator has-alpha-channel-opacity\"\/>\n\n\n\n<h3 class=\"wp-block-heading has-text-align-center has-large-font-size\"><strong>Head Office<\/strong><\/h3>\n\n\n\n<p class=\"has-text-align-center\">Merkez Mahallesi, Akmaz K\u00fcme Evleri No: 42<br>61420, Carsibasi\/Trabzon TURKEY<\/p>\n\n\n\n<p class=\"has-text-align-center\">Tel: +90 462 888 9 111, +90 462 888 9 222<br>Fax: +90 462 821 4390<\/p>\n\n\n\n<div style=\"height:20px\" aria-hidden=\"true\" class=\"wp-block-spacer\"><\/div>\n\n\n\n<hr class=\"wp-block-separator has-alpha-channel-opacity\"\/>\n\n\n\n<div style=\"height:20px\" aria-hidden=\"true\" class=\"wp-block-spacer\"><\/div>\n\n\n\n<h3 class=\"wp-block-heading has-text-align-center has-large-font-size\"><strong>Address<\/strong><\/h3>\n\n\n\n<p class=\"has-text-align-center\">Meko Su \u00dcr\u00fcnleri Yeti\u015ftiricili\u011fi San. ve Tic. A.\u015e.<br>Yazl\u0131k Mah. Yazl\u0131k Irmak K\u00fcme Evleri No:21<br>Of, Trabzon<br>T\u00fcrkiye<br>Tax Nr: 6141733219<\/p>\n<\/div>\n<\/div>\n\n\n\n<div class=\"wp-block-group has-global-padding is-layout-constrained wp-block-group-is-layout-constrained\">\n<div style=\"height:114px\" aria-hidden=\"true\" class=\"wp-block-spacer\"><\/div>\n<\/div>\n","protected":false},"excerpt":{"rendered":"<p>Email info@mekosu.com.tr Head Office Merkez Mahallesi, Akmaz K\u00fcme Evleri No: 4261420, Carsibasi\/Trabzon TURKEY Tel: +90 462 888 9 111, +90 462 888 9 222Fax: +90 462 821 4390 Address Meko Su \u00dcr\u00fcnleri Yeti\u015ftiricili\u011fi San. ve Tic. A.\u015e.Yazl\u0131k Mah. Yazl\u0131k Irmak K\u00fcme Evleri No:21Of, TrabzonT\u00fcrkiyeTax Nr: 6141733219<\/p>\n","protected":false},"author":1,"featured_media":0,"parent":0,"menu_order":0,"comment_status":"closed","ping_status":"closed","template":"","meta":{"footnotes":""},"class_list":["post-17","page","type-page","status-publish","hentry"],"yoast_head":"<!-- This site is optimized with the Yoast SEO plugin v24.5 - https:\/\/yoast.com\/wordpress\/plugins\/seo\/ -->\n<title>Contact Us - MEKOSU<\/title>\n<meta name=\"robots\" content=\"index, follow, max-snippet:-1, max-image-preview:large, max-video-preview:-1\" \/>\n<link rel=\"canonical\" href=\"https:\/\/mekosu.com.tr\/index.php\/address-2\/\" \/>\n<meta property=\"og:locale\" content=\"en_US\" \/>\n<meta property=\"og:type\" content=\"article\" \/>\n<meta property=\"og:title\" content=\"Contact Us - MEKOSU\" \/>\n<meta property=\"og:description\" content=\"Email info@mekosu.com.tr Head Office Merkez Mahallesi, Akmaz K\u00fcme Evleri No: 4261420, Carsibasi\/Trabzon TURKEY Tel: +90 462 888 9 111, +90 462 888 9 222Fax: +90 462 821 4390 Address Meko Su \u00dcr\u00fcnleri Yeti\u015ftiricili\u011fi San. ve Tic. A.\u015e.Yazl\u0131k Mah. Yazl\u0131k Irmak K\u00fcme Evleri No:21Of, TrabzonT\u00fcrkiyeTax Nr: 6141733219\" \/>\n<meta property=\"og:url\" content=\"https:\/\/mekosu.com.tr\/index.php\/address-2\/\" \/>\n<meta property=\"og:site_name\" content=\"MEKOSU\" \/>\n<meta property=\"article:modified_time\" content=\"2025-02-18T04:16:14+00:00\" \/>\n<meta name=\"twitter:card\" content=\"summary_large_image\" \/>\n<script type=\"application\/ld+json\" class=\"yoast-schema-graph\">{\"@context\":\"https:\/\/schema.org\",\"@graph\":[{\"@type\":\"WebPage\",\"@id\":\"https:\/\/mekosu.com.tr\/index.php\/address-2\/\",\"url\":\"https:\/\/mekosu.com.tr\/index.php\/address-2\/\",\"name\":\"Contact Us - MEKOSU\",\"isPartOf\":{\"@id\":\"http:\/\/mekosu.com.tr\/#website\"},\"datePublished\":\"2025-02-04T03:59:20+00:00\",\"dateModified\":\"2025-02-18T04:16:14+00:00\",\"breadcrumb\":{\"@id\":\"https:\/\/mekosu.com.tr\/index.php\/address-2\/#breadcrumb\"},\"inLanguage\":\"en-US\",\"potentialAction\":[{\"@type\":\"ReadAction\",\"target\":[\"https:\/\/mekosu.com.tr\/index.php\/address-2\/\"]}]},{\"@type\":\"BreadcrumbList\",\"@id\":\"https:\/\/mekosu.com.tr\/index.php\/address-2\/#breadcrumb\",\"itemListElement\":[{\"@type\":\"ListItem\",\"position\":1,\"name\":\"Home\",\"item\":\"https:\/\/mekosu.com.tr\/\"},{\"@type\":\"ListItem\",\"position\":2,\"name\":\"Contact Us\"}]},{\"@type\":\"WebSite\",\"@id\":\"http:\/\/mekosu.com.tr\/#website\",\"url\":\"http:\/\/mekosu.com.tr\/\",\"name\":\"MEKOSU\",\"description\":\"Comp.\",\"publisher\":{\"@id\":\"http:\/\/mekosu.com.tr\/#organization\"},\"potentialAction\":[{\"@type\":\"SearchAction\",\"target\":{\"@type\":\"EntryPoint\",\"urlTemplate\":\"http:\/\/mekosu.com.tr\/?s={search_term_string}\"},\"query-input\":{\"@type\":\"PropertyValueSpecification\",\"valueRequired\":true,\"valueName\":\"search_term_string\"}}],\"inLanguage\":\"en-US\"},{\"@type\":\"Organization\",\"@id\":\"http:\/\/mekosu.com.tr\/#organization\",\"name\":\"MEKOSU\",\"url\":\"http:\/\/mekosu.com.tr\/\",\"logo\":{\"@type\":\"ImageObject\",\"inLanguage\":\"en-US\",\"@id\":\"http:\/\/mekosu.com.tr\/#\/schema\/logo\/image\/\",\"url\":\"https:\/\/mekosu.com.tr\/wp-content\/uploads\/2025\/02\/cropped-MEKO.png\",\"contentUrl\":\"https:\/\/mekosu.com.tr\/wp-content\/uploads\/2025\/02\/cropped-MEKO.png\",\"width\":3326,\"height\":802,\"caption\":\"MEKOSU\"},\"image\":{\"@id\":\"http:\/\/mekosu.com.tr\/#\/schema\/logo\/image\/\"}}]}<\/script>\n<!-- \/ Yoast SEO plugin. -->","yoast_head_json":{"title":"Contact Us - MEKOSU","robots":{"index":"index","follow":"follow","max-snippet":"max-snippet:-1","max-image-preview":"max-image-preview:large","max-video-preview":"max-video-preview:-1"},"canonical":"https:\/\/mekosu.com.tr\/index.php\/address-2\/","og_locale":"en_US","og_type":"article","og_title":"Contact Us - MEKOSU","og_description":"Email info@mekosu.com.tr Head Office Merkez Mahallesi, Akmaz K\u00fcme Evleri No: 4261420, Carsibasi\/Trabzon TURKEY Tel: +90 462 888 9 111, +90 462 888 9 222Fax: +90 462 821 4390 Address Meko Su \u00dcr\u00fcnleri Yeti\u015ftiricili\u011fi San. ve Tic. A.\u015e.Yazl\u0131k Mah. Yazl\u0131k Irmak K\u00fcme Evleri No:21Of, TrabzonT\u00fcrkiyeTax Nr: 6141733219","og_url":"https:\/\/mekosu.com.tr\/index.php\/address-2\/","og_site_name":"MEKOSU","article_modified_time":"2025-02-18T04:16:14+00:00","twitter_card":"summary_large_image","schema":{"@context":"https:\/\/schema.org","@graph":[{"@type":"WebPage","@id":"https:\/\/mekosu.com.tr\/index.php\/address-2\/","url":"https:\/\/mekosu.com.tr\/index.php\/address-2\/","name":"Contact Us - MEKOSU","isPartOf":{"@id":"http:\/\/mekosu.com.tr\/#website"},"datePublished":"2025-02-04T03:59:20+00:00","dateModified":"2025-02-18T04:16:14+00:00","breadcrumb":{"@id":"https:\/\/mekosu.com.tr\/index.php\/address-2\/#breadcrumb"},"inLanguage":"en-US","potentialAction":[{"@type":"ReadAction","target":["https:\/\/mekosu.com.tr\/index.php\/address-2\/"]}]},{"@type":"BreadcrumbList","@id":"https:\/\/mekosu.com.tr\/index.php\/address-2\/#breadcrumb","itemListElement":[{"@type":"ListItem","position":1,"name":"Home","item":"https:\/\/mekosu.com.tr\/"},{"@type":"ListItem","position":2,"name":"Contact Us"}]},{"@type":"WebSite","@id":"http:\/\/mekosu.com.tr\/#website","url":"http:\/\/mekosu.com.tr\/","name":"MEKOSU","description":"Comp.","publisher":{"@id":"http:\/\/mekosu.com.tr\/#organization"},"potentialAction":[{"@type":"SearchAction","target":{"@type":"EntryPoint","urlTemplate":"http:\/\/mekosu.com.tr\/?s={search_term_string}"},"query-input":{"@type":"PropertyValueSpecification","valueRequired":true,"valueName":"search_term_string"}}],"inLanguage":"en-US"},{"@type":"Organization","@id":"http:\/\/mekosu.com.tr\/#organization","name":"MEKOSU","url":"http:\/\/mekosu.com.tr\/","logo":{"@type":"ImageObject","inLanguage":"en-US","@id":"http:\/\/mekosu.com.tr\/#\/schema\/logo\/image\/","url":"https:\/\/mekosu.com.tr\/wp-content\/uploads\/2025\/02\/cropped-MEKO.png","contentUrl":"https:\/\/mekosu.com.tr\/wp-content\/uploads\/2025\/02\/cropped-MEKO.png","width":3326,"height":802,"caption":"MEKOSU"},"image":{"@id":"http:\/\/mekosu.com.tr\/#\/schema\/logo\/image\/"}}]}},"_links":{"self":[{"href":"https:\/\/mekosu.com.tr\/index.php\/wp-json\/wp\/v2\/pages\/17","targetHints":{"allow":["GET"]}}],"collection":[{"href":"https:\/\/mekosu.com.tr\/index.php\/wp-json\/wp\/v2\/pages"}],"about":[{"href":"https:\/\/mekosu.com.tr\/index.php\/wp-json\/wp\/v2\/types\/page"}],"author":[{"embeddable":true,"href":"https:\/\/mekosu.com.tr\/index.php\/wp-json\/wp\/v2\/users\/1"}],"replies":[{"embeddable":true,"href":"https:\/\/mekosu.com.tr\/index.php\/wp-json\/wp\/v2\/comments?post=17"}],"version-history":[{"count":24,"href":"https:\/\/mekosu.com.tr\/index.php\/wp-json\/wp\/v2\/pages\/17\/revisions"}],"predecessor-version":[{"id":465,"href":"https:\/\/mekosu.com.tr\/index.php\/wp-json\/wp\/v2\/pages\/17\/revisions\/465"}],"wp:attachment":[{"href":"https:\/\/mekosu.com.tr\/index.php\/wp-json\/wp\/v2\/media?parent=17"}],"curies":[{"name":"wp","href":"https:\/\/api.w.org\/{rel}","templated":true}]}}